{"id":112401,"date":"2025-02-17T10:05:02","date_gmt":"2025-02-17T10:05:02","guid":{"rendered":"https:\/\/nioras.com\/?post_type=product&#038;p=112401"},"modified":"2025-02-17T10:14:39","modified_gmt":"2025-02-17T10:14:39","slug":"kolybithra-vaptisis-chalkini-me-skalisti-tin-vaptisi-kai-kapaki-copy","status":"publish","type":"product","link":"https:\/\/nioras.com\/el\/product\/kolybithra-vaptisis-chalkini-me-skalisti-tin-vaptisi-kai-kapaki-copy\/","title":{"rendered":"\u039a\u03bf\u03bb\u03c5\u03bc\u03c0\u03ae\u03b8\u03c1\u03b1 \u0392\u03ac\u03c0\u03c4\u03b9\u03c3\u03b7\u03c2 \u03a7\u03ac\u03bb\u03ba\u03b9\u03bd\u03b7 \u03bc\u03b5 \u03c3\u03ba\u03b1\u03bb\u03b9\u03c3\u03c4\u03b7 \u03c4\u03b7\u03bd \u0392\u03ac\u03c0\u03c4\u03b9\u03c3\u03b7 \u03ba\u03b1\u03b9 \u039a\u03b1\u03c0\u03b1\u03ba\u03b9 \u0395\u03c0\u03b9\u03bd\u03b9\u03ba\u03b5\u03bb\u03c9\u03bc\u03ad\u03bd\u03b7"},"content":{"rendered":"<p>\u03a7\u03b5\u03b9\u03c1\u03bf\u03c0\u03bf\u03b9\u03ae\u03c4\u03b7 \u03a7\u03ac\u03bb\u03ba\u03b9\u03bd\u03b7 \u039a\u03bf\u03bb\u03c5\u03bc\u03c0\u03ae\u03b8\u03c1\u03b1<\/p>\n<p>Water Capacity :<\/p>\n<p><b>Size No.1<\/b> &#8211; 60 lt &#8211;<br \/>\nCup \u00d8: 53cm Depth: 42cm<\/p>\n<p><b>Size No.2<\/b> &#8211; 65 lt &#8211;<br \/>\nCup \u00d8: 57cm Depth: 47cm<\/p>\n<p><b>Size No.3<\/b> &#8211; 70 lt &#8211;<br \/>\nCup \u00d8: 60cm Depth: 50cm<\/p>\n<p><b>Size No.4<\/b> &#8211; 80 lt &#8211;<br \/>\nCup \u00d8: 65cm Depth: 52cm<\/p>\n<p>Made in Greece<\/p>\n","protected":false},"excerpt":{"rendered":"<p>\u03a7\u03b5\u03b9\u03c1\u03bf\u03c0\u03bf\u03b9\u03ae\u03c4\u03b7 \u03a7\u03ac\u03bb\u03ba\u03b9\u03bd\u03b7 \u039a\u03bf\u03bb\u03c5\u03bc\u03c0\u03ae\u03b8\u03c1\u03b1 Water Capacity : Size No.1 &#8211; 60 lt &#8211; Cup \u00d8: 53cm Depth: 42cm Size No.2 &#8211; 65 lt &#8211; Cup \u00d8: 57cm Depth: 47cm Size No.3 &#8211; 70 lt &#8211; Cup \u00d8: 60cm Depth: 50cm Size No.4 &#8211; 80 lt &#8211; Cup \u00d8: 65cm Depth: 52cm Made in Greece<\/p>\n","protected":false},"featured_media":112352,"comment_status":"open","ping_status":"closed","template":"","meta":[],"etheme_brands":[],"product_brand":[],"product_cat":[2310,2407],"product_tag":[],"class_list":{"0":"post-112401","1":"product","2":"type-product","3":"status-publish","4":"has-post-thumbnail","6":"product_cat-ekklisiastika-eidi","7":"product_cat-kolybithres","8":"pa_feature-no-6857-10-no-1-size53x80cm-el","9":"pa_feature-no-6857-20-no-2-size56x90cm-el","10":"pa_feature-no-6857-30-no-3-size-60x90cm-el","11":"pa_feature-no-6857-40-no-4-size-65x100cm-el","13":"first","14":"instock","15":"taxable","16":"shipping-taxable","17":"purchasable","18":"product-type-variable"},"aioseo_notices":[],"_links":{"self":[{"href":"https:\/\/nioras.com\/el\/wp-json\/wp\/v2\/product\/112401","targetHints":{"allow":["GET"]}}],"collection":[{"href":"https:\/\/nioras.com\/el\/wp-json\/wp\/v2\/product"}],"about":[{"href":"https:\/\/nioras.com\/el\/wp-json\/wp\/v2\/types\/product"}],"replies":[{"embeddable":true,"href":"https:\/\/nioras.com\/el\/wp-json\/wp\/v2\/comments?post=112401"}],"version-history":[{"count":0,"href":"https:\/\/nioras.com\/el\/wp-json\/wp\/v2\/product\/112401\/revisions"}],"wp:featuredmedia":[{"embeddable":true,"href":"https:\/\/nioras.com\/el\/wp-json\/wp\/v2\/media\/112352"}],"wp:attachment":[{"href":"https:\/\/nioras.com\/el\/wp-json\/wp\/v2\/media?parent=112401"}],"wp:term":[{"taxonomy":"brand","embeddable":true,"href":"https:\/\/nioras.com\/el\/wp-json\/wp\/v2\/etheme_brands?post=112401"},{"taxonomy":"product_brand","embeddable":true,"href":"https:\/\/nioras.com\/el\/wp-json\/wp\/v2\/product_brand?post=112401"},{"taxonomy":"product_cat","embeddable":true,"href":"https:\/\/nioras.com\/el\/wp-json\/wp\/v2\/product_cat?post=112401"},{"taxonomy":"product_tag","embeddable":true,"href":"https:\/\/nioras.com\/el\/wp-json\/wp\/v2\/product_tag?post=112401"}],"curies":[{"name":"wp","href":"https:\/\/api.w.org\/{rel}","templated":true}]}}