{"id":61313,"date":"2024-06-18T10:47:56","date_gmt":"2024-06-18T10:47:56","guid":{"rendered":"https:\/\/nioras.com\/product\/kolybithra-vaptisis-chalkini-me-ntepozito-gia-to-nero\/"},"modified":"2024-06-26T02:19:22","modified_gmt":"2024-06-26T02:19:22","slug":"kolybithra-vaptisis-chalkini-me-ntepozito-gia-to-nero","status":"publish","type":"product","link":"https:\/\/nioras.com\/el\/product\/kolybithra-vaptisis-chalkini-me-ntepozito-gia-to-nero\/","title":{"rendered":"\u039a\u03bf\u03bb\u03c5\u03bc\u03c0\u03ae\u03b8\u03c1\u03b1 \u0392\u03ac\u03c0\u03c4\u03b9\u03c3\u03b7\u03c2 \u03a7\u03ac\u03bb\u03ba\u03b9\u03bd\u03b7 \u03bc\u03b5 \u039d\u03c4\u03b5\u03c0\u03cc\u03b6\u03b9\u03c4\u03bf \u03b3\u03b9\u03b1 \u03c4\u03bf \u039d\u03b5\u03c1\u03cc"},"content":{"rendered":"<p>\u039a\u03bf\u03bb\u03c5\u03bc\u03c0\u03ae\u03b8\u03c1\u03b1 \u0392\u03ac\u03c0\u03c4\u03b9\u03c3\u03b7\u03c2 \u03a7\u03ac\u03bb\u03ba\u03b9\u03bd\u03b7 \u03bc\u03b5 \u039d\u03c4\u03b5\u03c0\u03cc\u03b6\u03b9\u03c4\u03bf \u03b3\u03b9\u03b1 \u03c4\u03bf \u039d\u03b5\u03c1\u03cc<br \/>&#13;<br \/>\n<br \/>&#13;<br \/>\nWater Capacity : <br \/>&#13;<br \/>\n<b>Size No.2<\/b> &#8211; 65 lt  &#8211; <br \/>Cup \u00d8: 57cm Depth: 47cm<\/p>\n<p>&#13;<br \/>\n<b>Size No.3<\/b> &#8211; 70 lt  &#8211; <br \/>Cup \u00d8: 60cm Depth: 50cm<\/p>\n<p>&#13;<br \/>\n<b>Size No.4<\/b> &#8211; 80 lt  &#8211;<br \/> Cup \u00d8: 65cm Depth: 52cm<\/p>\n<p>&#13;<br \/>\nOnly on Request<br \/> &#13;<br \/>\n<b>Size No.5<\/b> &#8211; <br \/>100 lt  &#8211; Cup \u00d8: 65cm Depth: 56cm<\/p>\n<p>&#13;<br \/>\n<b>Size No.6<\/b> &#8211; <br \/>120 lt  &#8211; Cup \u00d8: 72cm Depth: 62cm<br \/>&#13;<br \/>\n&#13;<br \/>\n&#13;<\/p>\n<p>&#13;<br \/>\n\u0395\u03bb\u03bb\u03b7\u03bd\u03b9\u03ba\u03b7\u03c2 \u039a\u03b1\u03c4\u03b1\u03c3\u03ba\u03b5\u03c5\u03b7\u03c2<\/p>\n","protected":false},"excerpt":{"rendered":"<p>\u039a\u03bf\u03bb\u03c5\u03bc\u03c0\u03ae\u03b8\u03c1\u03b1 \u0392\u03ac\u03c0\u03c4\u03b9\u03c3\u03b7\u03c2 \u03a7\u03ac\u03bb\u03ba\u03b9\u03bd\u03b7 \u03bc\u03b5 \u039d\u03c4\u03b5\u03c0\u03cc\u03b6\u03b9\u03c4\u03bf \u03b3\u03b9\u03b1 \u03c4\u03bf \u039d\u03b5\u03c1\u03cc&#13; &#13; Water Capacity : &#13; Size No.2 &#8211; 65 lt &#8211; Cup \u00d8: 57cm Depth: 47cm &#13; Size No.3 &#8211; 70 lt &#8211; Cup \u00d8: 60cm Depth: 50cm &#13; Size No.4 &#8211; 80 lt &#8211; Cup \u00d8: 65cm Depth: 52cm &#13; Only on Request &#13; Size No.5 &#8211; 100 lt &#8211; Cup \u00d8: 65cm Depth: 56cm &#13; Size No.6 &#8211; 120 lt &#8211; Cup \u00d8: 72cm Depth: 62cm&#13; &#13; &#13; &#13; \u0395\u03bb\u03bb\u03b7\u03bd\u03b9\u03ba\u03b7\u03c2 \u039a\u03b1\u03c4\u03b1\u03c3\u03ba\u03b5\u03c5\u03b7\u03c2<\/p>\n","protected":false},"featured_media":14587,"comment_status":"open","ping_status":"open","template":"","meta":[],"etheme_brands":[],"product_brand":[],"product_cat":[2310,2407],"product_tag":[],"class_list":{"0":"post-61313","1":"product","2":"type-product","3":"status-publish","4":"has-post-thumbnail","6":"product_cat-ekklisiastika-eidi","7":"product_cat-kolybithres","8":"pa_feature-no-6856-25-no-2-57cm-x-90cm","9":"pa_feature-no-6856-35-no-3-60cm-x-95cm","10":"pa_feature-no-6856-45-no-4-64cm-x-98cm","11":"pa_feature-no-6856-45-no-4-64cm-x-98cm-el","13":"first","14":"instock","15":"taxable","16":"shipping-taxable","17":"purchasable","18":"product-type-variable"},"aioseo_notices":[],"_links":{"self":[{"href":"https:\/\/nioras.com\/el\/wp-json\/wp\/v2\/product\/61313","targetHints":{"allow":["GET"]}}],"collection":[{"href":"https:\/\/nioras.com\/el\/wp-json\/wp\/v2\/product"}],"about":[{"href":"https:\/\/nioras.com\/el\/wp-json\/wp\/v2\/types\/product"}],"replies":[{"embeddable":true,"href":"https:\/\/nioras.com\/el\/wp-json\/wp\/v2\/comments?post=61313"}],"version-history":[{"count":0,"href":"https:\/\/nioras.com\/el\/wp-json\/wp\/v2\/product\/61313\/revisions"}],"wp:featuredmedia":[{"embeddable":true,"href":"https:\/\/nioras.com\/el\/wp-json\/wp\/v2\/media\/14587"}],"wp:attachment":[{"href":"https:\/\/nioras.com\/el\/wp-json\/wp\/v2\/media?parent=61313"}],"wp:term":[{"taxonomy":"brand","embeddable":true,"href":"https:\/\/nioras.com\/el\/wp-json\/wp\/v2\/etheme_brands?post=61313"},{"taxonomy":"product_brand","embeddable":true,"href":"https:\/\/nioras.com\/el\/wp-json\/wp\/v2\/product_brand?post=61313"},{"taxonomy":"product_cat","embeddable":true,"href":"https:\/\/nioras.com\/el\/wp-json\/wp\/v2\/product_cat?post=61313"},{"taxonomy":"product_tag","embeddable":true,"href":"https:\/\/nioras.com\/el\/wp-json\/wp\/v2\/product_tag?post=61313"}],"curies":[{"name":"wp","href":"https:\/\/api.w.org\/{rel}","templated":true}]}}