{"id":68014,"date":"2024-06-18T15:12:52","date_gmt":"2024-06-18T15:12:52","guid":{"rendered":"https:\/\/nioras.com\/product\/das-synaxarion-band-2-sta-germanika\/"},"modified":"2024-06-26T02:58:48","modified_gmt":"2024-06-26T02:58:48","slug":"das-synaxarion-band-2-sta-germanika","status":"publish","type":"product","link":"https:\/\/nioras.com\/el\/product\/das-synaxarion-band-2-sta-germanika\/","title":{"rendered":"Das Synaxarion Band 2 \u03c3\u03c4\u03b1 \u0393\u03b5\u03c1\u03bc\u03b1\u03bd\u03b9\u03ba\u03ac"},"content":{"rendered":"<p>Das Synaxarion. Die Leben der Heiligen der Orthodoxen Kirche.&#13;<br \/>\n&#13;<br \/>\nKurzfassung der 6-b\u00e4ndigen Ausgabe des Hl. Klosters Simonos-Petra (Athos). Enth\u00e4lt f\u00fcr jeden Tag des Kirchenjahres die Leben aller Heiligen, deren in den byzantinischen Min\u00e4en (d.h. der Patriarchate von Konstantinopel, Alexandria, Antiochia und Jerusalem, Kirche v. Zypern) gedacht wird, sowie der wichtigsten Heiligen aller anderen orthodoxen Ortskirchen (Russlands, Serbiens, Rum\u00e4niens, Bulgariens, Georgiens), einschliesslich der neuen Heiligen der j\u00fcngsten Zeit, \u00fcberdies einer Auswahl von Heiligen des fr\u00fchchristlichen Westens. Eingeschlossen sind auch ausf\u00fchrliche Ged\u00e4chtnisse der Grossen Feste des Herrn und der Gottesmutter mit Erkl\u00e4rung ihrer theologischen Bedeutung sowie der Hl. \u00d6kumenischen Konzile und anderer bedeutender Ereignisse, die ein liturgisches Ged\u00e4chtnis haben. Hrsg. vom Kloster des Hl. Johannes des Vorl\u00e4ufers (Bd. I 2005 \/ Bd. II 2006), Chania, Kreta, Griechenland.&#13;<br \/>\nMit 14 Farb- und 170 s\/w-Ikonen, geographischen Karten sowie einem alphabetischen Gesamtverzeichnis aller aufgef\u00fchrten Heiligen. Gen\u00e4ht, gebunden.&#13;<br \/>\n&#13;<br \/>\nZwei B\u00e4nde:&#13;<br \/>\n&#13;<br \/>\nBd. I &#8211; September bis Februar, 792 Seiten&#13;<br \/>\n&#13;<br \/>\n&#13;<br \/>\nBd. II &#8211; M\u00e4rz bis August, 856 Seiten<\/p>\n","protected":false},"excerpt":{"rendered":"<p>Das Synaxarion. Die Leben der Heiligen der Orthodoxen Kirche.&#13; &#13; Kurzfassung der 6-b\u00e4ndigen Ausgabe des Hl. Klosters Simonos-Petra (Athos). Enth\u00e4lt f\u00fcr jeden Tag des Kirchenjahres die Leben aller Heiligen, deren in den byzantinischen Min\u00e4en (d.h. der Patriarchate von Konstantinopel, Alexandria, Antiochia und Jerusalem, Kirche v. Zypern) gedacht wird, sowie der wichtigsten Heiligen aller anderen orthodoxen Ortskirchen (Russlands, Serbiens, Rum\u00e4niens, Bulgariens, Georgiens), einschliesslich der neuen Heiligen der j\u00fcngsten Zeit, \u00fcberdies einer Auswahl von Heiligen des fr\u00fchchristlichen Westens. Eingeschlossen sind auch ausf\u00fchrliche Ged\u00e4chtnisse der Grossen Feste des Herrn und der Gottesmutter mit Erkl\u00e4rung ihrer theologischen Bedeutung sowie der Hl. \u00d6kumenischen Konzile und<\/p>\n","protected":false},"featured_media":27994,"comment_status":"open","ping_status":"open","template":"","meta":[],"etheme_brands":[],"product_brand":[],"product_cat":[2486,2315],"product_tag":[],"class_list":{"0":"post-68014","1":"product","2":"type-product","3":"status-publish","4":"has-post-thumbnail","6":"product_cat-germanikoi-titloi","7":"product_cat-orthodoxi-vivliothiki","9":"first","10":"instock","11":"taxable","12":"shipping-taxable","13":"purchasable","14":"product-type-simple"},"aioseo_notices":[],"_links":{"self":[{"href":"https:\/\/nioras.com\/el\/wp-json\/wp\/v2\/product\/68014","targetHints":{"allow":["GET"]}}],"collection":[{"href":"https:\/\/nioras.com\/el\/wp-json\/wp\/v2\/product"}],"about":[{"href":"https:\/\/nioras.com\/el\/wp-json\/wp\/v2\/types\/product"}],"replies":[{"embeddable":true,"href":"https:\/\/nioras.com\/el\/wp-json\/wp\/v2\/comments?post=68014"}],"version-history":[{"count":0,"href":"https:\/\/nioras.com\/el\/wp-json\/wp\/v2\/product\/68014\/revisions"}],"wp:featuredmedia":[{"embeddable":true,"href":"https:\/\/nioras.com\/el\/wp-json\/wp\/v2\/media\/27994"}],"wp:attachment":[{"href":"https:\/\/nioras.com\/el\/wp-json\/wp\/v2\/media?parent=68014"}],"wp:term":[{"taxonomy":"brand","embeddable":true,"href":"https:\/\/nioras.com\/el\/wp-json\/wp\/v2\/etheme_brands?post=68014"},{"taxonomy":"product_brand","embeddable":true,"href":"https:\/\/nioras.com\/el\/wp-json\/wp\/v2\/product_brand?post=68014"},{"taxonomy":"product_cat","embeddable":true,"href":"https:\/\/nioras.com\/el\/wp-json\/wp\/v2\/product_cat?post=68014"},{"taxonomy":"product_tag","embeddable":true,"href":"https:\/\/nioras.com\/el\/wp-json\/wp\/v2\/product_tag?post=68014"}],"curies":[{"name":"wp","href":"https:\/\/api.w.org\/{rel}","templated":true}]}}