{"id":68016,"date":"2024-06-18T15:12:52","date_gmt":"2024-06-18T15:12:52","guid":{"rendered":"https:\/\/nioras.com\/product\/heilige-altvater-der-gegenwart-sta-germanika\/"},"modified":"2024-06-26T02:58:49","modified_gmt":"2024-06-26T02:58:49","slug":"heilige-altvater-der-gegenwart-sta-germanika","status":"publish","type":"product","link":"https:\/\/nioras.com\/el\/product\/heilige-altvater-der-gegenwart-sta-germanika\/","title":{"rendered":"Heilige Altv\u00e4ter der Gegenwart  \u03c3\u03c4\u03b1 \u0393\u03b5\u03c1\u03bc\u03b1\u03bd\u03b9\u03ba\u03ac"},"content":{"rendered":"<p>Leben und Lehre von 9 grossen M\u00f6nchsv\u00e4tern des 20. Jh.: Amphilochios von Patmos, Ephrem von Katounakia, Jakovos von Eub\u00f6a, Joseph der Hesychast, Justin von Celije, Kleopa von Sihastria, Paissios der Agiorit, Philotheos von Paros, Porphyrios von Kavsokalyvia. Eine aktuelle Erg\u00e4nzung zum Synaxarion. Hrsg. vom Kloster des Hl. Johannes des Vorl\u00e4ufers 2007, Chania, Kreta.&#13;<br \/>\nMit Ausz\u00fcgen aus ihren Schriften und ausf\u00fchrlicher Bibliographie. 68 s\/w Fotos.<br \/>&#13;<br \/>\n&#13;<br \/>\n384 Seiten. Gen\u00e4ht, gebunden.<br \/>&#13;<br \/>\n&#13;<br \/>\nSprache: Deutsch<\/p>\n","protected":false},"excerpt":{"rendered":"<p>Leben und Lehre von 9 grossen M\u00f6nchsv\u00e4tern des 20. Jh.: Amphilochios von Patmos, Ephrem von Katounakia, Jakovos von Eub\u00f6a, Joseph der Hesychast, Justin von Celije, Kleopa von Sihastria, Paissios der Agiorit, Philotheos von Paros, Porphyrios von Kavsokalyvia. Eine aktuelle Erg\u00e4nzung zum Synaxarion. Hrsg. vom Kloster des Hl. Johannes des Vorl\u00e4ufers 2007, Chania, Kreta.&#13; Mit Ausz\u00fcgen aus ihren Schriften und ausf\u00fchrlicher Bibliographie. 68 s\/w Fotos.&#13; &#13; 384 Seiten. Gen\u00e4ht, gebunden.&#13; &#13; Sprache: Deutsch<\/p>\n","protected":false},"featured_media":28000,"comment_status":"open","ping_status":"open","template":"","meta":[],"etheme_brands":[],"product_brand":[],"product_cat":[2486,2315],"product_tag":[],"class_list":{"0":"post-68016","1":"product","2":"type-product","3":"status-publish","4":"has-post-thumbnail","6":"product_cat-germanikoi-titloi","7":"product_cat-orthodoxi-vivliothiki","9":"first","10":"instock","11":"taxable","12":"shipping-taxable","13":"purchasable","14":"product-type-simple"},"aioseo_notices":[],"_links":{"self":[{"href":"https:\/\/nioras.com\/el\/wp-json\/wp\/v2\/product\/68016","targetHints":{"allow":["GET"]}}],"collection":[{"href":"https:\/\/nioras.com\/el\/wp-json\/wp\/v2\/product"}],"about":[{"href":"https:\/\/nioras.com\/el\/wp-json\/wp\/v2\/types\/product"}],"replies":[{"embeddable":true,"href":"https:\/\/nioras.com\/el\/wp-json\/wp\/v2\/comments?post=68016"}],"version-history":[{"count":0,"href":"https:\/\/nioras.com\/el\/wp-json\/wp\/v2\/product\/68016\/revisions"}],"wp:featuredmedia":[{"embeddable":true,"href":"https:\/\/nioras.com\/el\/wp-json\/wp\/v2\/media\/28000"}],"wp:attachment":[{"href":"https:\/\/nioras.com\/el\/wp-json\/wp\/v2\/media?parent=68016"}],"wp:term":[{"taxonomy":"brand","embeddable":true,"href":"https:\/\/nioras.com\/el\/wp-json\/wp\/v2\/etheme_brands?post=68016"},{"taxonomy":"product_brand","embeddable":true,"href":"https:\/\/nioras.com\/el\/wp-json\/wp\/v2\/product_brand?post=68016"},{"taxonomy":"product_cat","embeddable":true,"href":"https:\/\/nioras.com\/el\/wp-json\/wp\/v2\/product_cat?post=68016"},{"taxonomy":"product_tag","embeddable":true,"href":"https:\/\/nioras.com\/el\/wp-json\/wp\/v2\/product_tag?post=68016"}],"curies":[{"name":"wp","href":"https:\/\/api.w.org\/{rel}","templated":true}]}}