{"id":68017,"date":"2024-06-18T15:12:52","date_gmt":"2024-06-18T15:12:52","guid":{"rendered":"https:\/\/nioras.com\/product\/das-grose-gerontikon-sta-germanika\/"},"modified":"2024-06-26T02:58:50","modified_gmt":"2024-06-26T02:58:50","slug":"das-grose-gerontikon-sta-germanika","status":"publish","type":"product","link":"https:\/\/nioras.com\/el\/product\/das-grose-gerontikon-sta-germanika\/","title":{"rendered":"Das Gro\u00dfe Gerontikon \u03c3\u03c4\u03b1 \u0393\u03b5\u03c1\u03bc\u03b1\u03bd\u03b9\u03ba\u03ac"},"content":{"rendered":"<p>Das Gro\u00dfe Gerontikon. Die Spr\u00fcche der heiligen W\u00fcstenv\u00e4ter &#8211; Thematische Sammlung.<\/p>\n<p>&#13;<br \/>\n&#13;<br \/>\nDie Thematische Sammlung enth\u00e4lt sowohl die Alphabetische als auch die Anonyme Sammlung sowie eine gro\u00dfe Anzahl weiterer Spr\u00fcche (darunter die N\u00fctzlichen Kapitel von Abba Zosimas und die ber\u00fchmten Erz\u00e4hlungen von Abba Daniel von Sketis), insgesamt rd. 2000 St\u00fccke, geordnet nach Themen. Mit Namens- und Ortsverzeichnis, Korrespondenztabelle, Biographischen Notizen, ausf\u00fchrlichem Glossar und Karten. Illustriert mit vielen Radierungen. Hrsg. Kloster des Hl. Johannes des Vorl\u00e4ufers 2009, Chania, Kreta.<br \/>&#13;<br \/>\n&#13;<br \/>\nGen\u00e4ht, gebunden, 742 Seiten<Br>&#13;<br \/>\n&#13;<br \/>\nSprache: Deutsch<\/p>\n","protected":false},"excerpt":{"rendered":"<p>Das Gro\u00dfe Gerontikon. Die Spr\u00fcche der heiligen W\u00fcstenv\u00e4ter &#8211; Thematische Sammlung. &#13; &#13; Die Thematische Sammlung enth\u00e4lt sowohl die Alphabetische als auch die Anonyme Sammlung sowie eine gro\u00dfe Anzahl weiterer Spr\u00fcche (darunter die N\u00fctzlichen Kapitel von Abba Zosimas und die ber\u00fchmten Erz\u00e4hlungen von Abba Daniel von Sketis), insgesamt rd. 2000 St\u00fccke, geordnet nach Themen. Mit Namens- und Ortsverzeichnis, Korrespondenztabelle, Biographischen Notizen, ausf\u00fchrlichem Glossar und Karten. Illustriert mit vielen Radierungen. Hrsg. Kloster des Hl. Johannes des Vorl\u00e4ufers 2009, Chania, Kreta.&#13; &#13; Gen\u00e4ht, gebunden, 742 Seiten&#13; &#13; Sprache: Deutsch<\/p>\n","protected":false},"featured_media":28003,"comment_status":"open","ping_status":"open","template":"","meta":[],"etheme_brands":[],"product_brand":[],"product_cat":[2486,2315],"product_tag":[],"class_list":{"0":"post-68017","1":"product","2":"type-product","3":"status-publish","4":"has-post-thumbnail","6":"product_cat-germanikoi-titloi","7":"product_cat-orthodoxi-vivliothiki","9":"first","10":"instock","11":"taxable","12":"shipping-taxable","13":"purchasable","14":"product-type-simple"},"aioseo_notices":[],"_links":{"self":[{"href":"https:\/\/nioras.com\/el\/wp-json\/wp\/v2\/product\/68017","targetHints":{"allow":["GET"]}}],"collection":[{"href":"https:\/\/nioras.com\/el\/wp-json\/wp\/v2\/product"}],"about":[{"href":"https:\/\/nioras.com\/el\/wp-json\/wp\/v2\/types\/product"}],"replies":[{"embeddable":true,"href":"https:\/\/nioras.com\/el\/wp-json\/wp\/v2\/comments?post=68017"}],"version-history":[{"count":0,"href":"https:\/\/nioras.com\/el\/wp-json\/wp\/v2\/product\/68017\/revisions"}],"wp:featuredmedia":[{"embeddable":true,"href":"https:\/\/nioras.com\/el\/wp-json\/wp\/v2\/media\/28003"}],"wp:attachment":[{"href":"https:\/\/nioras.com\/el\/wp-json\/wp\/v2\/media?parent=68017"}],"wp:term":[{"taxonomy":"brand","embeddable":true,"href":"https:\/\/nioras.com\/el\/wp-json\/wp\/v2\/etheme_brands?post=68017"},{"taxonomy":"product_brand","embeddable":true,"href":"https:\/\/nioras.com\/el\/wp-json\/wp\/v2\/product_brand?post=68017"},{"taxonomy":"product_cat","embeddable":true,"href":"https:\/\/nioras.com\/el\/wp-json\/wp\/v2\/product_cat?post=68017"},{"taxonomy":"product_tag","embeddable":true,"href":"https:\/\/nioras.com\/el\/wp-json\/wp\/v2\/product_tag?post=68017"}],"curies":[{"name":"wp","href":"https:\/\/api.w.org\/{rel}","templated":true}]}}