{"id":68018,"date":"2024-06-18T15:12:52","date_gmt":"2024-06-18T15:12:52","guid":{"rendered":"https:\/\/nioras.com\/product\/kyrillos-von-skythopolis-sta-germanika\/"},"modified":"2024-06-26T02:58:50","modified_gmt":"2024-06-26T02:58:50","slug":"kyrillos-von-skythopolis-sta-germanika","status":"publish","type":"product","link":"https:\/\/nioras.com\/el\/product\/kyrillos-von-skythopolis-sta-germanika\/","title":{"rendered":"Kyrillos von Skythopolis \u03c3\u03c4\u03b1 \u0393\u03b5\u03c1\u03bc\u03b1\u03bd\u03b9\u03ba\u03ac"},"content":{"rendered":"<p>Kyrillos von Skythopolis, Die heiligen M\u00f6nchsv\u00e4ter von Pal\u00e4stina.<\/p>\n<p>&#13;<br \/>\n&#13;<br \/>\nDieses Standardwerk aus dem 6. Jahrhundert, hier zum ersten Mal in deutscher Fassung, gibt ein anschauliches Bild vom M\u00f6nchtum in der W\u00fcste von Jud\u00e4a in der Bl\u00fctezeit des 4.-6. Jh., seinen gro\u00dfen Gestalten und ihren Lehren, sowie generell vom Leben der Kirche von Jerusalem in jener Epoche und ihren K\u00e4mpfen f\u00fcr den wahren Glauben. Es enth\u00e4lt die ausf\u00fchrlichen Leben der Heiligen: Euthymios des Gro\u00dfen, Sabas des Geheiligten, Johannes des Hesychasten und Kyriakos des Anachoreten sowie eine Kurzfassung des Lebens des hl. Theodosios des Koinobiarchen, des hl. Theognios und des hl. Abraamios von Kratea.<\/p>\n<p>&#13;<br \/>\n&#13;<br \/>\nIm Anhang ferner das anonyme Leben des hl. Chariton, das ausf\u00fchrliche Leben des hl. Theodosios des Koinobiarchen aus der Feder von Theodoros, Bischof von Petra, das Leben des hl. Gerasimos vom Jordan sowie jenes des hl. Georgios von Chozeba, geschrieben von dessen J\u00fcnger Antonios dem Chozebiten.<\/p>\n<p>&#13;<br \/>\n&#13;<br \/>\nNebst Pl\u00e4nen, Skizzen, Gravuren und Farbikonen, alphabetischem Personen- und Ortsregister, Bibliographie und geographischen Karten enth\u00e4lt das Buch auch eine kurze Darstellung der Geschichte des Patriarchats von Jerusalem sowie einen Bildteil mit 54 Farb- und s\/w-Photos aus dem Heiligen Land.<\/p>\n<p>&#13;<br \/>\n&#13;<br \/>\n\u00dcbersetzt und herausgegeben vom Kloster des Hl. Johannes des Vorl\u00e4ufers,&#13;<br \/>\nChania (Kreta).<\/p>\n<p>484 Seiten, Format 16&#215;23, gen\u00e4ht, gebunden&#13;<br \/>\n&#13;<br \/>\nSprache: Deutsch<\/p>\n","protected":false},"excerpt":{"rendered":"<p>Kyrillos von Skythopolis, Die heiligen M\u00f6nchsv\u00e4ter von Pal\u00e4stina. &#13; &#13; Dieses Standardwerk aus dem 6. Jahrhundert, hier zum ersten Mal in deutscher Fassung, gibt ein anschauliches Bild vom M\u00f6nchtum in der W\u00fcste von Jud\u00e4a in der Bl\u00fctezeit des 4.-6. Jh., seinen gro\u00dfen Gestalten und ihren Lehren, sowie generell vom Leben der Kirche von Jerusalem in jener Epoche und ihren K\u00e4mpfen f\u00fcr den wahren Glauben. Es enth\u00e4lt die ausf\u00fchrlichen Leben der Heiligen: Euthymios des Gro\u00dfen, Sabas des Geheiligten, Johannes des Hesychasten und Kyriakos des Anachoreten sowie eine Kurzfassung des Lebens des hl. Theodosios des Koinobiarchen, des hl. Theognios und des hl.<\/p>\n","protected":false},"featured_media":28006,"comment_status":"open","ping_status":"open","template":"","meta":[],"etheme_brands":[],"product_brand":[],"product_cat":[2486,2315],"product_tag":[],"class_list":{"0":"post-68018","1":"product","2":"type-product","3":"status-publish","4":"has-post-thumbnail","6":"product_cat-germanikoi-titloi","7":"product_cat-orthodoxi-vivliothiki","9":"first","10":"instock","11":"taxable","12":"shipping-taxable","13":"purchasable","14":"product-type-simple"},"aioseo_notices":[],"_links":{"self":[{"href":"https:\/\/nioras.com\/el\/wp-json\/wp\/v2\/product\/68018","targetHints":{"allow":["GET"]}}],"collection":[{"href":"https:\/\/nioras.com\/el\/wp-json\/wp\/v2\/product"}],"about":[{"href":"https:\/\/nioras.com\/el\/wp-json\/wp\/v2\/types\/product"}],"replies":[{"embeddable":true,"href":"https:\/\/nioras.com\/el\/wp-json\/wp\/v2\/comments?post=68018"}],"version-history":[{"count":0,"href":"https:\/\/nioras.com\/el\/wp-json\/wp\/v2\/product\/68018\/revisions"}],"wp:featuredmedia":[{"embeddable":true,"href":"https:\/\/nioras.com\/el\/wp-json\/wp\/v2\/media\/28006"}],"wp:attachment":[{"href":"https:\/\/nioras.com\/el\/wp-json\/wp\/v2\/media?parent=68018"}],"wp:term":[{"taxonomy":"brand","embeddable":true,"href":"https:\/\/nioras.com\/el\/wp-json\/wp\/v2\/etheme_brands?post=68018"},{"taxonomy":"product_brand","embeddable":true,"href":"https:\/\/nioras.com\/el\/wp-json\/wp\/v2\/product_brand?post=68018"},{"taxonomy":"product_cat","embeddable":true,"href":"https:\/\/nioras.com\/el\/wp-json\/wp\/v2\/product_cat?post=68018"},{"taxonomy":"product_tag","embeddable":true,"href":"https:\/\/nioras.com\/el\/wp-json\/wp\/v2\/product_tag?post=68018"}],"curies":[{"name":"wp","href":"https:\/\/api.w.org\/{rel}","templated":true}]}}