{"id":68019,"date":"2024-06-18T15:12:52","date_gmt":"2024-06-18T15:12:52","guid":{"rendered":"https:\/\/nioras.com\/product\/hl-makarios-d-agypter-sta-germanika\/"},"modified":"2024-06-26T02:58:51","modified_gmt":"2024-06-26T02:58:51","slug":"hl-makarios-d-agypter-sta-germanika","status":"publish","type":"product","link":"https:\/\/nioras.com\/el\/product\/hl-makarios-d-agypter-sta-germanika\/","title":{"rendered":"Hl. Makarios d. \u00c4gypter \u03c3\u03c4\u03b1 \u0393\u03b5\u03c1\u03bc\u03b1\u03bd\u03b9\u03ba\u03ac"},"content":{"rendered":"<p>Hl. Makarios d. \u00c4gypter, 50 Homilien \u00fcber das Leben im Heiligen Geist<\/p>\n<p>&#13;<br \/>\n&#13;<br \/>\nEine der grundlegenden Schriften der Heiligen V\u00e4ter unserer Kirche. \u00dcber die Beschaffenheit der Welt, den Zustand und die Bestimmung des Menschen, das Heilswerk Christi und den Weg zu Gott. Erschlie\u00dft uns auch das Verst\u00e4ndnis der Hl. Schrift im Sinn der Kirche, wie es in unseren liturgischen Texten zum Ausdruck kommt. Ein Buch \u00fcber das wahre Christentum f\u00fcr die Christen von heute und aller Zeiten. In neuer \u00dcbersetzung herausgegeben vom Kloster des Hl. Johannes d. Vorl\u00e4ufers 2008, Chania.<\/p>\n<p>&#13;<br \/>\n&#13;<br \/>\n323 Seiten, gen\u00e4ht, gebunden<\/p>\n<p>&#13;<br \/>\n&#13;<br \/>\nSprache: Deutsch<\/p>\n","protected":false},"excerpt":{"rendered":"<p>Hl. Makarios d. \u00c4gypter, 50 Homilien \u00fcber das Leben im Heiligen Geist &#13; &#13; Eine der grundlegenden Schriften der Heiligen V\u00e4ter unserer Kirche. \u00dcber die Beschaffenheit der Welt, den Zustand und die Bestimmung des Menschen, das Heilswerk Christi und den Weg zu Gott. Erschlie\u00dft uns auch das Verst\u00e4ndnis der Hl. Schrift im Sinn der Kirche, wie es in unseren liturgischen Texten zum Ausdruck kommt. Ein Buch \u00fcber das wahre Christentum f\u00fcr die Christen von heute und aller Zeiten. In neuer \u00dcbersetzung herausgegeben vom Kloster des Hl. Johannes d. Vorl\u00e4ufers 2008, Chania. &#13; &#13; 323 Seiten, gen\u00e4ht, gebunden &#13; &#13; Sprache:<\/p>\n","protected":false},"featured_media":28009,"comment_status":"open","ping_status":"open","template":"","meta":[],"etheme_brands":[],"product_brand":[],"product_cat":[2486,2315],"product_tag":[],"class_list":{"0":"post-68019","1":"product","2":"type-product","3":"status-publish","4":"has-post-thumbnail","6":"product_cat-germanikoi-titloi","7":"product_cat-orthodoxi-vivliothiki","9":"first","10":"instock","11":"taxable","12":"shipping-taxable","13":"purchasable","14":"product-type-simple"},"aioseo_notices":[],"_links":{"self":[{"href":"https:\/\/nioras.com\/el\/wp-json\/wp\/v2\/product\/68019","targetHints":{"allow":["GET"]}}],"collection":[{"href":"https:\/\/nioras.com\/el\/wp-json\/wp\/v2\/product"}],"about":[{"href":"https:\/\/nioras.com\/el\/wp-json\/wp\/v2\/types\/product"}],"replies":[{"embeddable":true,"href":"https:\/\/nioras.com\/el\/wp-json\/wp\/v2\/comments?post=68019"}],"version-history":[{"count":0,"href":"https:\/\/nioras.com\/el\/wp-json\/wp\/v2\/product\/68019\/revisions"}],"wp:featuredmedia":[{"embeddable":true,"href":"https:\/\/nioras.com\/el\/wp-json\/wp\/v2\/media\/28009"}],"wp:attachment":[{"href":"https:\/\/nioras.com\/el\/wp-json\/wp\/v2\/media?parent=68019"}],"wp:term":[{"taxonomy":"brand","embeddable":true,"href":"https:\/\/nioras.com\/el\/wp-json\/wp\/v2\/etheme_brands?post=68019"},{"taxonomy":"product_brand","embeddable":true,"href":"https:\/\/nioras.com\/el\/wp-json\/wp\/v2\/product_brand?post=68019"},{"taxonomy":"product_cat","embeddable":true,"href":"https:\/\/nioras.com\/el\/wp-json\/wp\/v2\/product_cat?post=68019"},{"taxonomy":"product_tag","embeddable":true,"href":"https:\/\/nioras.com\/el\/wp-json\/wp\/v2\/product_tag?post=68019"}],"curies":[{"name":"wp","href":"https:\/\/api.w.org\/{rel}","templated":true}]}}