{"id":68020,"date":"2024-06-18T15:12:52","date_gmt":"2024-06-18T15:12:52","guid":{"rendered":"https:\/\/nioras.com\/product\/leimonarion-sta-germanika\/"},"modified":"2024-06-26T02:58:51","modified_gmt":"2024-06-26T02:58:51","slug":"leimonarion-sta-germanika","status":"publish","type":"product","link":"https:\/\/nioras.com\/el\/product\/leimonarion-sta-germanika\/","title":{"rendered":"Leimonarion \u03c3\u03c4\u03b1 \u0393\u03b5\u03c1\u03bc\u03b1\u03bd\u03b9\u03ba\u03ac"},"content":{"rendered":"<p>Johannes Moschos, Leimonarion<br \/><Br>&#13;<br \/>\n&#13;<br \/>\nZum ersten Mal in deutscher \u00dcbersetzung die ber\u00fchmte Sammlung von Erz\u00e4hlungen \u00fcber die Anachoreten Pal\u00e4stinas, Kilikiens, Syriens, des Sinai und \u00c4gyptens des 5. und 6. Jh., ferner \u00fcber heilige Hierarchen und fromme Christen im weltlichen Stand, die in jener Zeit lebten. Verfa\u00dft von Johannes Moschos, Priesterm\u00f6nch des Klosters des Hl. Theodosios des Koinobiarchen in der W\u00fcste von Jud\u00e4a, der alle diese Gegenden im 6. Jh. besuchte auf der Suche nach den duftenden Blumen der geistigen Wiese.<br \/><Br>&#13;<br \/>\n&#13;<br \/>\nMit 16 Radierungen, 4 Karten und Registern.<br \/><Br>&#13;<br \/>\nHrsg. Kloster des Hl. Johannes des Vorl\u00e4ufers 2008, Chania, Kreta.<br \/><Br>&#13;<br \/>\n&#13;<br \/>\n280 Seiten, gen\u00e4ht, gebunden<br \/><Br>&#13;<br \/>\n&#13;<br \/>\nSprache: Deutsch<\/p>\n","protected":false},"excerpt":{"rendered":"<p>Johannes Moschos, Leimonarion&#13; &#13; Zum ersten Mal in deutscher \u00dcbersetzung die ber\u00fchmte Sammlung von Erz\u00e4hlungen \u00fcber die Anachoreten Pal\u00e4stinas, Kilikiens, Syriens, des Sinai und \u00c4gyptens des 5. und 6. Jh., ferner \u00fcber heilige Hierarchen und fromme Christen im weltlichen Stand, die in jener Zeit lebten. Verfa\u00dft von Johannes Moschos, Priesterm\u00f6nch des Klosters des Hl. Theodosios des Koinobiarchen in der W\u00fcste von Jud\u00e4a, der alle diese Gegenden im 6. Jh. besuchte auf der Suche nach den duftenden Blumen der geistigen Wiese.&#13; &#13; Mit 16 Radierungen, 4 Karten und Registern.&#13; Hrsg. Kloster des Hl. Johannes des Vorl\u00e4ufers 2008, Chania, Kreta.&#13; &#13; 280<\/p>\n","protected":false},"featured_media":28012,"comment_status":"open","ping_status":"open","template":"","meta":[],"etheme_brands":[],"product_brand":[],"product_cat":[2486,2315],"product_tag":[],"class_list":{"0":"post-68020","1":"product","2":"type-product","3":"status-publish","4":"has-post-thumbnail","6":"product_cat-germanikoi-titloi","7":"product_cat-orthodoxi-vivliothiki","9":"first","10":"instock","11":"taxable","12":"shipping-taxable","13":"purchasable","14":"product-type-simple"},"aioseo_notices":[],"_links":{"self":[{"href":"https:\/\/nioras.com\/el\/wp-json\/wp\/v2\/product\/68020","targetHints":{"allow":["GET"]}}],"collection":[{"href":"https:\/\/nioras.com\/el\/wp-json\/wp\/v2\/product"}],"about":[{"href":"https:\/\/nioras.com\/el\/wp-json\/wp\/v2\/types\/product"}],"replies":[{"embeddable":true,"href":"https:\/\/nioras.com\/el\/wp-json\/wp\/v2\/comments?post=68020"}],"version-history":[{"count":0,"href":"https:\/\/nioras.com\/el\/wp-json\/wp\/v2\/product\/68020\/revisions"}],"wp:featuredmedia":[{"embeddable":true,"href":"https:\/\/nioras.com\/el\/wp-json\/wp\/v2\/media\/28012"}],"wp:attachment":[{"href":"https:\/\/nioras.com\/el\/wp-json\/wp\/v2\/media?parent=68020"}],"wp:term":[{"taxonomy":"brand","embeddable":true,"href":"https:\/\/nioras.com\/el\/wp-json\/wp\/v2\/etheme_brands?post=68020"},{"taxonomy":"product_brand","embeddable":true,"href":"https:\/\/nioras.com\/el\/wp-json\/wp\/v2\/product_brand?post=68020"},{"taxonomy":"product_cat","embeddable":true,"href":"https:\/\/nioras.com\/el\/wp-json\/wp\/v2\/product_cat?post=68020"},{"taxonomy":"product_tag","embeddable":true,"href":"https:\/\/nioras.com\/el\/wp-json\/wp\/v2\/product_tag?post=68020"}],"curies":[{"name":"wp","href":"https:\/\/api.w.org\/{rel}","templated":true}]}}