{"id":68021,"date":"2024-06-18T15:12:52","date_gmt":"2024-06-18T15:12:52","guid":{"rendered":"https:\/\/nioras.com\/product\/der-akathistos-sta-germanika\/"},"modified":"2024-06-26T02:58:52","modified_gmt":"2024-06-26T02:58:52","slug":"der-akathistos-sta-germanika","status":"publish","type":"product","link":"https:\/\/nioras.com\/el\/product\/der-akathistos-sta-germanika\/","title":{"rendered":"Der Akathistos \u03c3\u03c4\u03b1 \u0393\u03b5\u03c1\u03bc\u03b1\u03bd\u03b9\u03ba\u03ac"},"content":{"rendered":"<p>Der Akathistos-Hymnos an die Allerheiligste Gottesmutter<\/p>\n<p>&#13;<br \/>\n&#13;<br \/>\nVollst\u00e4ndige Akoluthie mit Kleinem Apodipno, Kanon des Akathistos und den 24 Stanzen (Freudengr\u00fcssen), in 4 Teilen f\u00fcr die ersten 4 Freitage der Grossen Fastenzeit und Typikon f\u00fcr den Donnerstag des Akathistos in der 5. Woche. Mit Notenteil in byzantinischer und westlicher Notenschrift. Hrsg. Kloster des Hl. Johannes des Vorl\u00e4ufers 2006, Chania, Kreta.<\/p>\n<p>&#13;<br \/>\n&#13;<br \/>\nFormat 15&#215;22, gen\u00e4ht, kartoniert, 62 Seiten<\/p>\n<p>&#13;<br \/>\n&#13;<br \/>\nSprache: Deutsch<\/p>\n","protected":false},"excerpt":{"rendered":"<p>Der Akathistos-Hymnos an die Allerheiligste Gottesmutter &#13; &#13; Vollst\u00e4ndige Akoluthie mit Kleinem Apodipno, Kanon des Akathistos und den 24 Stanzen (Freudengr\u00fcssen), in 4 Teilen f\u00fcr die ersten 4 Freitage der Grossen Fastenzeit und Typikon f\u00fcr den Donnerstag des Akathistos in der 5. Woche. Mit Notenteil in byzantinischer und westlicher Notenschrift. Hrsg. Kloster des Hl. Johannes des Vorl\u00e4ufers 2006, Chania, Kreta. &#13; &#13; Format 15&#215;22, gen\u00e4ht, kartoniert, 62 Seiten &#13; &#13; Sprache: Deutsch<\/p>\n","protected":false},"featured_media":28015,"comment_status":"open","ping_status":"open","template":"","meta":[],"etheme_brands":[],"product_brand":[],"product_cat":[2486,2315],"product_tag":[],"class_list":{"0":"post-68021","1":"product","2":"type-product","3":"status-publish","4":"has-post-thumbnail","6":"product_cat-germanikoi-titloi","7":"product_cat-orthodoxi-vivliothiki","9":"first","10":"instock","11":"taxable","12":"shipping-taxable","13":"purchasable","14":"product-type-simple"},"aioseo_notices":[],"_links":{"self":[{"href":"https:\/\/nioras.com\/el\/wp-json\/wp\/v2\/product\/68021","targetHints":{"allow":["GET"]}}],"collection":[{"href":"https:\/\/nioras.com\/el\/wp-json\/wp\/v2\/product"}],"about":[{"href":"https:\/\/nioras.com\/el\/wp-json\/wp\/v2\/types\/product"}],"replies":[{"embeddable":true,"href":"https:\/\/nioras.com\/el\/wp-json\/wp\/v2\/comments?post=68021"}],"version-history":[{"count":0,"href":"https:\/\/nioras.com\/el\/wp-json\/wp\/v2\/product\/68021\/revisions"}],"wp:featuredmedia":[{"embeddable":true,"href":"https:\/\/nioras.com\/el\/wp-json\/wp\/v2\/media\/28015"}],"wp:attachment":[{"href":"https:\/\/nioras.com\/el\/wp-json\/wp\/v2\/media?parent=68021"}],"wp:term":[{"taxonomy":"brand","embeddable":true,"href":"https:\/\/nioras.com\/el\/wp-json\/wp\/v2\/etheme_brands?post=68021"},{"taxonomy":"product_brand","embeddable":true,"href":"https:\/\/nioras.com\/el\/wp-json\/wp\/v2\/product_brand?post=68021"},{"taxonomy":"product_cat","embeddable":true,"href":"https:\/\/nioras.com\/el\/wp-json\/wp\/v2\/product_cat?post=68021"},{"taxonomy":"product_tag","embeddable":true,"href":"https:\/\/nioras.com\/el\/wp-json\/wp\/v2\/product_tag?post=68021"}],"curies":[{"name":"wp","href":"https:\/\/api.w.org\/{rel}","templated":true}]}}