{"id":68022,"date":"2024-06-18T15:12:52","date_gmt":"2024-06-18T15:12:52","guid":{"rendered":"https:\/\/nioras.com\/product\/vorbereitung-auf-die-gottliche-kommunion\/"},"modified":"2024-06-26T02:58:52","modified_gmt":"2024-06-26T02:58:52","slug":"vorbereitung-auf-die-gottliche-kommunion","status":"publish","type":"product","link":"https:\/\/nioras.com\/el\/product\/vorbereitung-auf-die-gottliche-kommunion\/","title":{"rendered":"Vorbereitung auf die Gottliche Kommunion"},"content":{"rendered":"<p>Vorbereitung auf die G\u00f6ttliche Kommunion<\/p>\n<p>&#13;<br \/>\n&#13;<br \/>\nVollst\u00e4ndige Akoluthie mit Danksagung. Taschenformat. Hrsg. Kloster Hl. Johannes d. Vorl\u00e4ufers 2006, Chania, Kreta.<\/p>\n<p>&#13;<br \/>\n&#13;<br \/>\nTaschenformat 10&#215;14, 48 Seiten.<\/p>\n<p>&#13;<br \/>\n&#13;<br \/>\nSprache: Deutsch<\/p>\n","protected":false},"excerpt":{"rendered":"<p>Vorbereitung auf die G\u00f6ttliche Kommunion &#13; &#13; Vollst\u00e4ndige Akoluthie mit Danksagung. Taschenformat. Hrsg. Kloster Hl. Johannes d. Vorl\u00e4ufers 2006, Chania, Kreta. &#13; &#13; Taschenformat 10&#215;14, 48 Seiten. &#13; &#13; Sprache: Deutsch<\/p>\n","protected":false},"featured_media":28018,"comment_status":"open","ping_status":"open","template":"","meta":[],"etheme_brands":[],"product_brand":[],"product_cat":[2486,2315],"product_tag":[],"class_list":{"0":"post-68022","1":"product","2":"type-product","3":"status-publish","4":"has-post-thumbnail","6":"product_cat-germanikoi-titloi","7":"product_cat-orthodoxi-vivliothiki","9":"first","10":"instock","11":"taxable","12":"shipping-taxable","13":"purchasable","14":"product-type-simple"},"aioseo_notices":[],"_links":{"self":[{"href":"https:\/\/nioras.com\/el\/wp-json\/wp\/v2\/product\/68022","targetHints":{"allow":["GET"]}}],"collection":[{"href":"https:\/\/nioras.com\/el\/wp-json\/wp\/v2\/product"}],"about":[{"href":"https:\/\/nioras.com\/el\/wp-json\/wp\/v2\/types\/product"}],"replies":[{"embeddable":true,"href":"https:\/\/nioras.com\/el\/wp-json\/wp\/v2\/comments?post=68022"}],"version-history":[{"count":0,"href":"https:\/\/nioras.com\/el\/wp-json\/wp\/v2\/product\/68022\/revisions"}],"wp:featuredmedia":[{"embeddable":true,"href":"https:\/\/nioras.com\/el\/wp-json\/wp\/v2\/media\/28018"}],"wp:attachment":[{"href":"https:\/\/nioras.com\/el\/wp-json\/wp\/v2\/media?parent=68022"}],"wp:term":[{"taxonomy":"brand","embeddable":true,"href":"https:\/\/nioras.com\/el\/wp-json\/wp\/v2\/etheme_brands?post=68022"},{"taxonomy":"product_brand","embeddable":true,"href":"https:\/\/nioras.com\/el\/wp-json\/wp\/v2\/product_brand?post=68022"},{"taxonomy":"product_cat","embeddable":true,"href":"https:\/\/nioras.com\/el\/wp-json\/wp\/v2\/product_cat?post=68022"},{"taxonomy":"product_tag","embeddable":true,"href":"https:\/\/nioras.com\/el\/wp-json\/wp\/v2\/product_tag?post=68022"}],"curies":[{"name":"wp","href":"https:\/\/api.w.org\/{rel}","templated":true}]}}