{"id":68024,"date":"2024-06-18T15:12:52","date_gmt":"2024-06-18T15:12:52","guid":{"rendered":"https:\/\/nioras.com\/product\/hl-gregor-palamas-der-weg-der-lauterung-brief-an-die-monchin-xenia-sta-germanika\/"},"modified":"2024-06-26T02:58:53","modified_gmt":"2024-06-26T02:58:53","slug":"hl-gregor-palamas-der-weg-der-lauterung-brief-an-die-monchin-xenia-sta-germanika","status":"publish","type":"product","link":"https:\/\/nioras.com\/el\/product\/hl-gregor-palamas-der-weg-der-lauterung-brief-an-die-monchin-xenia-sta-germanika\/","title":{"rendered":"Hl. Gregor Palamas, Der Weg der L\u00e4uterung &#8211; Brief an die M\u00f6nchin Xenia \u03c3\u03c4\u03b1 \u0393\u03b5\u03c1\u03bc\u03b1\u03bd\u03b9\u03ba\u03ac"},"content":{"rendered":"<p>Hl. Gregor Palamas, Der Weg der L\u00e4uterung &#8211; Brief an die M\u00f6nchin Xenia.<\/p>\n<p>&#13;<br \/>\n&#13;<br \/>\nEine sehr wichtige asketische Schrift des gro\u00dfen Kirchenvaters und Verteidigers der hesychastischen Tradition. Der Brief an die M\u00f6nchin Xenia ist gewisserma\u00dfen eine Zusammenfassung der geistigen Lehre des heiligen Gregor.<\/p>\n<p>&#13;<br \/>\nKloster des Hl. Johannes des Vorl\u00e4ufers 2008, Chania.&#13;<br \/>\n&#13;<br \/>\n112 Seiten, kartoniert &#13;<br \/>\nTaschenformat 10&#215;14.<\/p>\n<p>&#13;<br \/>\n&#13;<br \/>\nSprache: Deutsch<\/p>\n","protected":false},"excerpt":{"rendered":"<p>Hl. Gregor Palamas, Der Weg der L\u00e4uterung &#8211; Brief an die M\u00f6nchin Xenia. &#13; &#13; Eine sehr wichtige asketische Schrift des gro\u00dfen Kirchenvaters und Verteidigers der hesychastischen Tradition. Der Brief an die M\u00f6nchin Xenia ist gewisserma\u00dfen eine Zusammenfassung der geistigen Lehre des heiligen Gregor. &#13; Kloster des Hl. Johannes des Vorl\u00e4ufers 2008, Chania.&#13; &#13; 112 Seiten, kartoniert &#13; Taschenformat 10&#215;14. &#13; &#13; Sprache: Deutsch<\/p>\n","protected":false},"featured_media":28024,"comment_status":"open","ping_status":"open","template":"","meta":[],"etheme_brands":[],"product_brand":[],"product_cat":[2486,2315],"product_tag":[],"class_list":{"0":"post-68024","1":"product","2":"type-product","3":"status-publish","4":"has-post-thumbnail","6":"product_cat-germanikoi-titloi","7":"product_cat-orthodoxi-vivliothiki","9":"first","10":"instock","11":"taxable","12":"shipping-taxable","13":"purchasable","14":"product-type-simple"},"aioseo_notices":[],"_links":{"self":[{"href":"https:\/\/nioras.com\/el\/wp-json\/wp\/v2\/product\/68024","targetHints":{"allow":["GET"]}}],"collection":[{"href":"https:\/\/nioras.com\/el\/wp-json\/wp\/v2\/product"}],"about":[{"href":"https:\/\/nioras.com\/el\/wp-json\/wp\/v2\/types\/product"}],"replies":[{"embeddable":true,"href":"https:\/\/nioras.com\/el\/wp-json\/wp\/v2\/comments?post=68024"}],"version-history":[{"count":0,"href":"https:\/\/nioras.com\/el\/wp-json\/wp\/v2\/product\/68024\/revisions"}],"wp:featuredmedia":[{"embeddable":true,"href":"https:\/\/nioras.com\/el\/wp-json\/wp\/v2\/media\/28024"}],"wp:attachment":[{"href":"https:\/\/nioras.com\/el\/wp-json\/wp\/v2\/media?parent=68024"}],"wp:term":[{"taxonomy":"brand","embeddable":true,"href":"https:\/\/nioras.com\/el\/wp-json\/wp\/v2\/etheme_brands?post=68024"},{"taxonomy":"product_brand","embeddable":true,"href":"https:\/\/nioras.com\/el\/wp-json\/wp\/v2\/product_brand?post=68024"},{"taxonomy":"product_cat","embeddable":true,"href":"https:\/\/nioras.com\/el\/wp-json\/wp\/v2\/product_cat?post=68024"},{"taxonomy":"product_tag","embeddable":true,"href":"https:\/\/nioras.com\/el\/wp-json\/wp\/v2\/product_tag?post=68024"}],"curies":[{"name":"wp","href":"https:\/\/api.w.org\/{rel}","templated":true}]}}