{"id":68026,"date":"2024-06-18T15:12:52","date_gmt":"2024-06-18T15:12:52","guid":{"rendered":"https:\/\/nioras.com\/product\/die-grossen-feste-sta-germanika\/"},"modified":"2024-06-26T02:58:54","modified_gmt":"2024-06-26T02:58:54","slug":"die-grossen-feste-sta-germanika","status":"publish","type":"product","link":"https:\/\/nioras.com\/el\/product\/die-grossen-feste-sta-germanika\/","title":{"rendered":"DIE GROSSEN FESTE \u03c3\u03c4\u03b1 \u0393\u03b5\u03c1\u03bc\u03b1\u03bd\u03b9\u03ba\u03ac"},"content":{"rendered":"<p>DIE GROSSEN FESTE<\/p>\n<p>&#13;<br \/>\nHomilien der Hl. V\u00e4ter und andere Texte<\/p>\n<p>&#13;<br \/>\n&#13;<br \/>\nEine Katechese aus dem Mund unserer heiligen Kirchenv\u00e4ter: Das Buch gibt eine Auswahl von Homilien zu den Gro\u00dfen Festen der Orthodoxen Kirche, zur Gro\u00dfen Fastenzeit und zu anderen Themen, vom hl. Gregor dem Theologen, hl. Basilios dem Gro\u00dfen, hl. Johannes Chrysostomos, hl. Kyrillos von Jerusalem, hl. Johannes von Damaskus, hl. Symeon dem Neuen Theologen,  hl. Gregor Palamas, hl. Ignatij Briantschaninow, hl. Nektarios von Pentapolis und hl. Justin von Celije, und au\u00dferdem den integralen Text des Synodikons der Orthodoxie.<\/p>\n<p>&#13;<br \/>\nEnth\u00e4lt zu jedem Fest die entsprechende Farbikone. Mit Register der Bibelzitate. Die meisten dieser Texte erscheinen hiermit erstmals in deutscher \u00dcbersetzung. \u00dcbertragen und herausgegeben vom Kloster des Hl. Johannes des Vorl\u00e4ufers, 2011, Chania.&#13;<br \/>\nFormat 18&#215;25. Gen\u00e4ht, gebunden, 450 Seiten.<\/p>\n","protected":false},"excerpt":{"rendered":"<p>DIE GROSSEN FESTE &#13; Homilien der Hl. V\u00e4ter und andere Texte &#13; &#13; Eine Katechese aus dem Mund unserer heiligen Kirchenv\u00e4ter: Das Buch gibt eine Auswahl von Homilien zu den Gro\u00dfen Festen der Orthodoxen Kirche, zur Gro\u00dfen Fastenzeit und zu anderen Themen, vom hl. Gregor dem Theologen, hl. Basilios dem Gro\u00dfen, hl. Johannes Chrysostomos, hl. Kyrillos von Jerusalem, hl. Johannes von Damaskus, hl. Symeon dem Neuen Theologen, hl. Gregor Palamas, hl. Ignatij Briantschaninow, hl. Nektarios von Pentapolis und hl. Justin von Celije, und au\u00dferdem den integralen Text des Synodikons der Orthodoxie. &#13; Enth\u00e4lt zu jedem Fest die entsprechende Farbikone. Mit<\/p>\n","protected":false},"featured_media":28030,"comment_status":"open","ping_status":"open","template":"","meta":[],"etheme_brands":[],"product_brand":[],"product_cat":[2486,2315],"product_tag":[],"class_list":{"0":"post-68026","1":"product","2":"type-product","3":"status-publish","4":"has-post-thumbnail","6":"product_cat-germanikoi-titloi","7":"product_cat-orthodoxi-vivliothiki","9":"first","10":"instock","11":"taxable","12":"shipping-taxable","13":"purchasable","14":"product-type-simple"},"aioseo_notices":[],"_links":{"self":[{"href":"https:\/\/nioras.com\/el\/wp-json\/wp\/v2\/product\/68026","targetHints":{"allow":["GET"]}}],"collection":[{"href":"https:\/\/nioras.com\/el\/wp-json\/wp\/v2\/product"}],"about":[{"href":"https:\/\/nioras.com\/el\/wp-json\/wp\/v2\/types\/product"}],"replies":[{"embeddable":true,"href":"https:\/\/nioras.com\/el\/wp-json\/wp\/v2\/comments?post=68026"}],"version-history":[{"count":0,"href":"https:\/\/nioras.com\/el\/wp-json\/wp\/v2\/product\/68026\/revisions"}],"wp:featuredmedia":[{"embeddable":true,"href":"https:\/\/nioras.com\/el\/wp-json\/wp\/v2\/media\/28030"}],"wp:attachment":[{"href":"https:\/\/nioras.com\/el\/wp-json\/wp\/v2\/media?parent=68026"}],"wp:term":[{"taxonomy":"brand","embeddable":true,"href":"https:\/\/nioras.com\/el\/wp-json\/wp\/v2\/etheme_brands?post=68026"},{"taxonomy":"product_brand","embeddable":true,"href":"https:\/\/nioras.com\/el\/wp-json\/wp\/v2\/product_brand?post=68026"},{"taxonomy":"product_cat","embeddable":true,"href":"https:\/\/nioras.com\/el\/wp-json\/wp\/v2\/product_cat?post=68026"},{"taxonomy":"product_tag","embeddable":true,"href":"https:\/\/nioras.com\/el\/wp-json\/wp\/v2\/product_tag?post=68026"}],"curies":[{"name":"wp","href":"https:\/\/api.w.org\/{rel}","templated":true}]}}