{"id":68027,"date":"2024-06-18T15:12:52","date_gmt":"2024-06-18T15:12:52","guid":{"rendered":"https:\/\/nioras.com\/product\/die-heiligen-styliten-sta-germanika\/"},"modified":"2024-06-26T02:58:58","modified_gmt":"2024-06-26T02:58:58","slug":"die-heiligen-styliten-sta-germanika","status":"publish","type":"product","link":"https:\/\/nioras.com\/el\/product\/die-heiligen-styliten-sta-germanika\/","title":{"rendered":"Die heiligen Styliten \u03c3\u03c4\u03b1 \u0393\u03b5\u03c1\u03bc\u03b1\u03bd\u03b9\u03ba\u03ac"},"content":{"rendered":"<p>Die heiligen Styliten<br \/><Br>&#13;<br \/>\n&#13;<br \/>\nSymeon d. \u00c4ltere von Mandra<Br>&#13;<br \/>\nSymeon d. J\u00fcngere vom Wunderbaren Berg<Br>&#13;<br \/>\nDaniel von Konstantinopel<br \/>&#13;<br \/>\n &#13;<br \/>\n&#13;<br \/>\nDieses Buch enth\u00e4lt die ausf\u00fchrlichen Leben dieser drei gro\u00dfen S\u00e4ulenheiligen aus dem 5. und 6. Jahrhundert.<br \/><Br>&#13;<br \/>\nVom heiligen Symeon dem \u00c4lteren (390 \u2013 459, Fest am 1. September) gibt es drei Texte:<br \/><Br>&#13;<br \/>\n1. Theodoret von Kyros, verfasst um 444 (S. 9-24);<br \/><Br>&#13;<br \/>\n2. Antonios, ein Sch\u00fcler des Heiligen, verfasst nach 459 (S. 27-46) und<br \/><Br>&#13;<br \/>\n3. Simon Bar-Apollos und Bar-Hatar, verfasst 473 in syrisch (S. 51-141).&#13;<br \/>\n<br \/><Br>&#13;<br \/>\nF\u00fcr den heiligen Symeon vom Wunderbaren Berg (521 \u2013 592, Fest am 24. Mai) ist dies die erste deutsche \u00dcbersetzung aus griechischen Handschriften des 9.-13. Jh. der Vita prima aus der Feder eines direkten J\u00fcngers des Heiligen (S. 157-320).&#13;<br \/>\n<br \/><Br>&#13;<br \/>\nVom heiligen Daniel (409 \u2013 493, Fest am 11. Dezember), der selbst Sch\u00fcler des hl. Symeon des \u00c4lteren ist, enth\u00e4lt das Buch die Lebensbeschreibung eines namentlich nicht bekannten J\u00fcngers des hl. Daniel vom Ende des 5. Jh. (S. 333-399). &#13;<br \/>\n<br \/><Br>&#13;<br \/>\nDie Ausgabe enth\u00e4lt ein Personen- und Ortsregister, Verzeichnis der Bibelzitate, Bibliographie, 3 Karten, 7 Farbikonen und ein farbiger Bildteil mit heutigen Photos von den St\u00e4tten des Wirkens der drei Heiligen in Syrien (Qalat Seman) und in der T\u00fcrkei (Wunderbarer Berg bei Antiochia) sowie am Bosporos.&#13;<br \/>\nZusammengestellt, \u00fcbersetzt und hrsg. vom Kloster des Hl. Johannes des Vorl\u00e4ufers, Chania 2013.<br \/><Br>&#13;<br \/>\n&#13;<br \/>\nFormat 16&#215;24, gen\u00e4ht, gebunden, 960 g, 438 Seiten.<\/p>\n","protected":false},"excerpt":{"rendered":"<p>Die heiligen Styliten&#13; &#13; Symeon d. \u00c4ltere von Mandra&#13; Symeon d. J\u00fcngere vom Wunderbaren Berg&#13; Daniel von Konstantinopel&#13; &#13; &#13; Dieses Buch enth\u00e4lt die ausf\u00fchrlichen Leben dieser drei gro\u00dfen S\u00e4ulenheiligen aus dem 5. und 6. Jahrhundert.&#13; Vom heiligen Symeon dem \u00c4lteren (390 \u2013 459, Fest am 1. September) gibt es drei Texte:&#13; 1. Theodoret von Kyros, verfasst um 444 (S. 9-24);&#13; 2. Antonios, ein Sch\u00fcler des Heiligen, verfasst nach 459 (S. 27-46) und&#13; 3. Simon Bar-Apollos und Bar-Hatar, verfasst 473 in syrisch (S. 51-141).&#13; &#13; F\u00fcr den heiligen Symeon vom Wunderbaren Berg (521 \u2013 592, Fest am 24. Mai) ist<\/p>\n","protected":false},"featured_media":28033,"comment_status":"open","ping_status":"open","template":"","meta":[],"etheme_brands":[],"product_brand":[],"product_cat":[2486,2315],"product_tag":[],"class_list":{"0":"post-68027","1":"product","2":"type-product","3":"status-publish","4":"has-post-thumbnail","6":"product_cat-germanikoi-titloi","7":"product_cat-orthodoxi-vivliothiki","9":"first","10":"instock","11":"taxable","12":"shipping-taxable","13":"purchasable","14":"product-type-simple"},"aioseo_notices":[],"_links":{"self":[{"href":"https:\/\/nioras.com\/el\/wp-json\/wp\/v2\/product\/68027","targetHints":{"allow":["GET"]}}],"collection":[{"href":"https:\/\/nioras.com\/el\/wp-json\/wp\/v2\/product"}],"about":[{"href":"https:\/\/nioras.com\/el\/wp-json\/wp\/v2\/types\/product"}],"replies":[{"embeddable":true,"href":"https:\/\/nioras.com\/el\/wp-json\/wp\/v2\/comments?post=68027"}],"version-history":[{"count":0,"href":"https:\/\/nioras.com\/el\/wp-json\/wp\/v2\/product\/68027\/revisions"}],"wp:featuredmedia":[{"embeddable":true,"href":"https:\/\/nioras.com\/el\/wp-json\/wp\/v2\/media\/28033"}],"wp:attachment":[{"href":"https:\/\/nioras.com\/el\/wp-json\/wp\/v2\/media?parent=68027"}],"wp:term":[{"taxonomy":"brand","embeddable":true,"href":"https:\/\/nioras.com\/el\/wp-json\/wp\/v2\/etheme_brands?post=68027"},{"taxonomy":"product_brand","embeddable":true,"href":"https:\/\/nioras.com\/el\/wp-json\/wp\/v2\/product_brand?post=68027"},{"taxonomy":"product_cat","embeddable":true,"href":"https:\/\/nioras.com\/el\/wp-json\/wp\/v2\/product_cat?post=68027"},{"taxonomy":"product_tag","embeddable":true,"href":"https:\/\/nioras.com\/el\/wp-json\/wp\/v2\/product_tag?post=68027"}],"curies":[{"name":"wp","href":"https:\/\/api.w.org\/{rel}","templated":true}]}}