{"id":68141,"date":"2024-06-18T15:14:52","date_gmt":"2024-06-18T15:14:52","guid":{"rendered":"https:\/\/nioras.com\/product\/psychotherapie-orthodoxe-sta-gallika\/"},"modified":"2024-06-26T02:59:59","modified_gmt":"2024-06-26T02:59:59","slug":"psychotherapie-orthodoxe-sta-gallika","status":"publish","type":"product","link":"https:\/\/nioras.com\/el\/product\/psychotherapie-orthodoxe-sta-gallika\/","title":{"rendered":"Psychotherapie Orthodoxe \u03c3\u03c4\u03b1 \u0393\u03b1\u03bb\u03bb\u03b9\u03ba\u03ac"},"content":{"rendered":"<p>Psychotherapie Orthodoxe<br \/>&#13;<br \/>\n&#13;<br \/>\nLa sci\u00e9nce th\u00e9rapeutique de P\u00e8res de l&#8217; Eglise<br \/>&#13;<br \/>\n&#13;<br \/>\n\u0399\u03b5\u03c1\u03cc\u03b8\u03b5\u03bf\u03c2 \u039c\u03b7\u03c4\u03c1\u03bf\u03c0\u03bf\u03bb\u03af\u03c4\u03b7\u03c2 \u039d\u03b1\u03c5\u03c0\u03ac\u03ba\u03c4\u03bf\u03c5 \u03ba\u03b1\u03b9 \u0391\u03b3\u03af\u03bf\u03c5 \u0392\u03bb\u03b1\u03c3\u03af\u03bf\u03c5&#13;<br \/>\n\u03bc\u03b5\u03c4\u03ac\u03c6\u03c1\u03b1\u03c3\u03b7: Pierre Deschamps<br \/>&#13;<br \/>\n&#13;<br \/>\n\u0399\u03b5\u03c1\u03ac \u039c\u03bf\u03bd\u03ae \u0393\u03b5\u03bd\u03b5\u03b8\u03bb\u03af\u03bf\u03c5 \u03c4\u03b7\u03c2 \u0398\u03b5\u03bf\u03c4\u03cc\u03ba\u03bf\u03c5 (\u03a0\u03b5\u03bb\u03b1\u03b3\u03af\u03b1\u03c2), 2006<br \/>&#13;<br \/>\n424 \u03c3\u03b5\u03bb.<\/p>\n","protected":false},"excerpt":{"rendered":"<p>Psychotherapie Orthodoxe&#13; &#13; La sci\u00e9nce th\u00e9rapeutique de P\u00e8res de l&#8217; Eglise&#13; &#13; \u0399\u03b5\u03c1\u03cc\u03b8\u03b5\u03bf\u03c2 \u039c\u03b7\u03c4\u03c1\u03bf\u03c0\u03bf\u03bb\u03af\u03c4\u03b7\u03c2 \u039d\u03b1\u03c5\u03c0\u03ac\u03ba\u03c4\u03bf\u03c5 \u03ba\u03b1\u03b9 \u0391\u03b3\u03af\u03bf\u03c5 \u0392\u03bb\u03b1\u03c3\u03af\u03bf\u03c5&#13; \u03bc\u03b5\u03c4\u03ac\u03c6\u03c1\u03b1\u03c3\u03b7: Pierre Deschamps&#13; &#13; \u0399\u03b5\u03c1\u03ac \u039c\u03bf\u03bd\u03ae \u0393\u03b5\u03bd\u03b5\u03b8\u03bb\u03af\u03bf\u03c5 \u03c4\u03b7\u03c2 \u0398\u03b5\u03bf\u03c4\u03cc\u03ba\u03bf\u03c5 (\u03a0\u03b5\u03bb\u03b1\u03b3\u03af\u03b1\u03c2), 2006&#13; 424 \u03c3\u03b5\u03bb.<\/p>\n","protected":false},"featured_media":28407,"comment_status":"open","ping_status":"open","template":"","meta":[],"etheme_brands":[],"product_brand":[],"product_cat":[2482,2315],"product_tag":[],"class_list":{"0":"post-68141","1":"product","2":"type-product","3":"status-publish","4":"has-post-thumbnail","6":"product_cat-gallikoi-titloi","7":"product_cat-orthodoxi-vivliothiki","9":"first","10":"instock","11":"taxable","12":"shipping-taxable","13":"purchasable","14":"product-type-simple"},"aioseo_notices":[],"_links":{"self":[{"href":"https:\/\/nioras.com\/el\/wp-json\/wp\/v2\/product\/68141","targetHints":{"allow":["GET"]}}],"collection":[{"href":"https:\/\/nioras.com\/el\/wp-json\/wp\/v2\/product"}],"about":[{"href":"https:\/\/nioras.com\/el\/wp-json\/wp\/v2\/types\/product"}],"replies":[{"embeddable":true,"href":"https:\/\/nioras.com\/el\/wp-json\/wp\/v2\/comments?post=68141"}],"version-history":[{"count":0,"href":"https:\/\/nioras.com\/el\/wp-json\/wp\/v2\/product\/68141\/revisions"}],"wp:featuredmedia":[{"embeddable":true,"href":"https:\/\/nioras.com\/el\/wp-json\/wp\/v2\/media\/28407"}],"wp:attachment":[{"href":"https:\/\/nioras.com\/el\/wp-json\/wp\/v2\/media?parent=68141"}],"wp:term":[{"taxonomy":"brand","embeddable":true,"href":"https:\/\/nioras.com\/el\/wp-json\/wp\/v2\/etheme_brands?post=68141"},{"taxonomy":"product_brand","embeddable":true,"href":"https:\/\/nioras.com\/el\/wp-json\/wp\/v2\/product_brand?post=68141"},{"taxonomy":"product_cat","embeddable":true,"href":"https:\/\/nioras.com\/el\/wp-json\/wp\/v2\/product_cat?post=68141"},{"taxonomy":"product_tag","embeddable":true,"href":"https:\/\/nioras.com\/el\/wp-json\/wp\/v2\/product_tag?post=68141"}],"curies":[{"name":"wp","href":"https:\/\/api.w.org\/{rel}","templated":true}]}}